{"id":10,"date":"2024-06-06T15:27:07","date_gmt":"2024-06-06T12:27:07","guid":{"rendered":"https:\/\/roziturizm.com\/?page_id=10"},"modified":"2024-08-16T21:27:16","modified_gmt":"2024-08-16T18:27:16","slug":"surdurulebilirlik","status":"publish","type":"page","link":"https:\/\/roziturizm.com\/index.php\/surdurulebilirlik\/","title":{"rendered":"S\u00fcrd\u00fcr\u00fclebilirlik"},"content":{"rendered":"\n<h2><strong>S\u00dcRD\u00dcR\u00dcLEB\u0130L\u0130RL\u0130K Y\u00d6NET\u0130M S\u0130STEM\u0130 POL\u0130T\u0130KALARIMIZ<\/strong><\/h2>\n\n\n\n<hr class=\"wp-block-separator\"\/>\n\n\n\n<h3><strong>Yasal Gereklilikler<\/strong><\/h3>\n\n\n\n<figure class=\"wp-block-image size-large is-resized is-style-default\"><img loading=\"lazy\" src=\"https:\/\/roziturizm.com\/wp-content\/uploads\/2024\/07\/closeup-shot-person-writing-book-with-gavel-table-1024x683.jpg\" alt=\"\" class=\"wp-image-827\" width=\"323\" height=\"215\" srcset=\"https:\/\/roziturizm.com\/wp-content\/uploads\/2024\/07\/closeup-shot-person-writing-book-with-gavel-table-1024x683.jpg 1024w, https:\/\/roziturizm.com\/wp-content\/uploads\/2024\/07\/closeup-shot-person-writing-book-with-gavel-table-300x200.jpg 300w, https:\/\/roziturizm.com\/wp-content\/uploads\/2024\/07\/closeup-shot-person-writing-book-with-gavel-table-768x512.jpg 768w, https:\/\/roziturizm.com\/wp-content\/uploads\/2024\/07\/closeup-shot-person-writing-book-with-gavel-table-1536x1024.jpg 1536w, https:\/\/roziturizm.com\/wp-content\/uploads\/2024\/07\/closeup-shot-person-writing-book-with-gavel-table-2048x1365.jpg 2048w\" sizes=\"(max-width: 323px) 100vw, 323px\" \/><\/figure>\n\n\n\n<p>Rosy Apart, t\u00fcm \u00fcr\u00fcn ve hizmet s\u00fcre\u00e7lerinde yasal gerekliliklere uymay\u0131 ilke edinmi\u015ftir. Bu ilkemiz do\u011frultusunda<\/p>\n\n\n\n<p>t\u00fcm personelimize bilgilendirme ve e\u011fitimler yap\u0131lmaktad\u0131r. i\u015fletmemiz ulusal ve uluslararas\u0131 t\u00fcm yasal mevzuata<\/p>\n\n\n\n<p>uygun faaliyet g\u00f6stermektedir.<\/p>\n\n\n\n<hr class=\"wp-block-separator\"\/>\n\n\n\n<h3><strong>\u0130\u015f G\u00fcvenli\u011fi ve E\u011fitim<\/strong><\/h3>\n\n\n\n<figure class=\"wp-block-image size-large is-resized is-style-default\"><img loading=\"lazy\" src=\"https:\/\/roziturizm.com\/wp-content\/uploads\/2024\/07\/worker-uniform-with-hard-hat-protective-glasses-1024x683.jpg\" alt=\"\" class=\"wp-image-830\" width=\"323\" height=\"215\" srcset=\"https:\/\/roziturizm.com\/wp-content\/uploads\/2024\/07\/worker-uniform-with-hard-hat-protective-glasses-1024x683.jpg 1024w, https:\/\/roziturizm.com\/wp-content\/uploads\/2024\/07\/worker-uniform-with-hard-hat-protective-glasses-300x200.jpg 300w, https:\/\/roziturizm.com\/wp-content\/uploads\/2024\/07\/worker-uniform-with-hard-hat-protective-glasses-768x512.jpg 768w, https:\/\/roziturizm.com\/wp-content\/uploads\/2024\/07\/worker-uniform-with-hard-hat-protective-glasses-1536x1024.jpg 1536w, https:\/\/roziturizm.com\/wp-content\/uploads\/2024\/07\/worker-uniform-with-hard-hat-protective-glasses-2048x1365.jpg 2048w\" sizes=\"(max-width: 323px) 100vw, 323px\" \/><\/figure>\n\n\n\n<p>Personelimiz en de\u011ferli varl\u0131\u011f\u0131m\u0131zd\u0131r. \u00c7al\u0131\u015fanlar\u0131m\u0131z\u0131n ve i\u015f ortaklar\u0131m\u0131z\u0131n sa\u011fl\u0131k ve g\u00fcvenliklerini tehlikeye atacak<\/p>\n\n\n\n<p>riskleri en aza indirmek ve i\u015f kazalar\u0131n\u0131 \u00f6nlemek i\u00e7in t\u00fcm s\u00fcre\u00e7lerimizde s\u00fcrekli iyile\u015ftirme yap\u0131lmaktad\u0131r.<\/p>\n\n\n\n<p>\u00c7al\u0131\u015fanlar\u0131m\u0131z \u0131rk, renk, cinsiyet, din, g\u00f6r\u00fc\u015f, yas, sosyal ve medeni durum, aile k\u00f6keni, fiziksel veya zihinsel engel ve <br><br>cinsel y\u00f6nelim ayr\u0131m\u0131 yap\u0131lmaks\u0131z\u0131n e\u015fit haklardan faydalanmas\u0131 vazge\u00e7ilmez kural\u0131m\u0131zd\u0131r. Personelimizin dilek ve<\/p>\n\n\n\n<p>istekleri do\u011frultusunda y\u00f6netim sistemimiz g\u00fcncellenmektedir.<\/p>\n\n\n\n<hr class=\"wp-block-separator\"\/>\n\n\n\n<h3><strong>Sat\u0131n Alma<\/strong><\/h3>\n\n\n\n<figure class=\"wp-block-image size-large is-resized is-style-default\"><img loading=\"lazy\" src=\"https:\/\/roziturizm.com\/wp-content\/uploads\/2024\/07\/sale-special-offer-buying-selling-discount1-1024x711.jpg\" alt=\"\" class=\"wp-image-832\" width=\"323\" height=\"215\"\/><\/figure>\n\n\n\n<p>Sat\u0131n alma politikam\u0131z yerel, \u00e7evreye duyarl\u0131, adil ticarete dayal\u0131 ve verimli sat\u0131n almaya y\u00f6nelik politikalar\u0131 i\u00e7ermektedir.<\/p>\n\n\n\n<p>Yerel ekonomiye katk\u0131m\u0131z\u0131n fark\u0131nday\u0131z bu nedenle tedariklerimizin b\u00fcy\u00fck k\u0131sm\u0131n\u0131 yerel \u00fcreticilerden yapmaktay\u0131z.<\/p>\n\n\n\n<p>Ayn\u0131 zamanda, tedarik\u00e7ilerimizi d\u00fczenli olarak denetleyip s\u00fcrd\u00fcr\u00fclebilirlik konusunda bilgilendirmekte ve belgelerini,<\/p>\n\n\n\n<p>sertifikalar\u0131n kontrol etmekteyiz. B\u00f6lge halk\u0131ndan al\u0131nan mal ve hizmetlerin oran\u0131n\u0131 \u00f6l\u00e7\u00fcp sat\u0131n alimi en yak\u0131n<\/p>\n\n\n\n<p>noktalardan salamaya \u00e7al\u0131\u015farak sera gazi emisyonun azaltmay\u0131 hedeflemekteyiz.%100 evre dostu kimyasallar<\/p>\n\n\n\n<p>kullanmaktay\u0131z.<\/p>\n\n\n\n<hr class=\"wp-block-separator\"\/>\n\n\n\n<h3><strong>Misafir Memnuniyeti &#8211; Misafir G\u00fcvenli\u011fi &#8211; Misafir Odakl\u0131l\u0131k<\/strong><\/h3>\n\n\n\n<figure class=\"wp-block-image size-large is-resized is-style-default\"><img loading=\"lazy\" src=\"https:\/\/roziturizm.com\/wp-content\/uploads\/2024\/07\/daughter-father-high-fiving-1024x681.jpg\" alt=\"\" class=\"wp-image-833\" width=\"323\" height=\"215\" srcset=\"https:\/\/roziturizm.com\/wp-content\/uploads\/2024\/07\/daughter-father-high-fiving-1024x681.jpg 1024w, https:\/\/roziturizm.com\/wp-content\/uploads\/2024\/07\/daughter-father-high-fiving-300x200.jpg 300w, https:\/\/roziturizm.com\/wp-content\/uploads\/2024\/07\/daughter-father-high-fiving-768x511.jpg 768w, https:\/\/roziturizm.com\/wp-content\/uploads\/2024\/07\/daughter-father-high-fiving-1536x1022.jpg 1536w, https:\/\/roziturizm.com\/wp-content\/uploads\/2024\/07\/daughter-father-high-fiving-2048x1363.jpg 2048w\" sizes=\"(max-width: 323px) 100vw, 323px\" \/><\/figure>\n\n\n\n<p>Misafirlerimiz bizler i\u00e7in ok \u00f6nemli olup onlar\u0131n memnuniyeti ve dilekleri g\u00f6z \u00f6n\u00fcne al\u0131narak kalite politikam\u0131z\u0131<\/p>\n\n\n\n<p>daima g\u00fcncellemekteyiz. Her t\u00fcrl\u00fc kaynaktan gelen t\u00fcm misafir \u015fik\u00e2yetlerini takip etmek, \u015fik\u00e2yetleri \u00e7\u00f6z\u00fcmlemek ve<\/p>\n\n\n\n<p>misafirlerimizi bu konuda bilgilendirerek \u015fik\u00e2yetleri kendimiz i\u00e7in f\u0131rsata d\u00f6n\u00fc\u015ft\u00fcrmek \u00f6ncelikli de\u011ferlerimizdir. Yasal<\/p>\n\n\n\n<p>bir y\u00fck\u00fcml\u00fc\u011f\u00fcm\u00fcz olmamak ile birlikte engelli vatanda\u015flar\u0131m\u0131z\u0131n da rahat bir \u015fekilde tatillerini yapabilmeleri i\u00e7in<\/p>\n\n\n\n<p>giri\u015fte rampalar ve \u00f6zel bir oda dizayn ettik.<\/p>\n\n\n\n<hr class=\"wp-block-separator\"\/>\n\n\n\n<h3><strong>Enerji Kaynaklar\u0131n\u0131n Kullan\u0131m!<\/strong><\/h3>\n\n\n\n<figure class=\"wp-block-image size-large is-resized is-style-default\"><img loading=\"lazy\" src=\"https:\/\/roziturizm.com\/wp-content\/uploads\/2024\/07\/solar-panels-green-field-blue-sky-1024x930.jpg\" alt=\"\" class=\"wp-image-835\" width=\"323\" height=\"215\"\/><\/figure>\n\n\n\n<p>Rosy Apart, Enerji kaynaklar\u0131m\u0131z en verimli \u015fekilde kullanmak amac\u0131yla %100 ye\u015fil enerji, do\u011faya ve insana katk\u0131<br><br> sa\u011flayan g\u00fcne\u015f enerji panellerimizle y\u0131lda 16 a\u011fac\u0131 kurtar\u0131yoruz. evre kirli\u011fini \u00f6nlenme, do\u011fay\u0131 koruma ve enerji<\/p>\n\n\n\n<p>verimlili\u011fi konusunda s\u00fcrekli iyile\u015ftirmeyi hedeflemekteyiz. Politikam\u0131z, enerji t\u00fcketiminin enerji t\u00fcr\u00fcne g\u00f6re<\/p>\n\n\n\n<p>grupland\u0131r\u0131larak d\u00fczenli \u00f6l\u00e7\u00fclmesini, izlenmesini, azalt\u0131lmas\u0131n\u0131 i\u00e7ermektedir.<\/p>\n\n\n\n<p>Enerji tasarrufu amac\u0131m\u0131z do\u011frultusunda personel ve payda\u015flar\u0131m\u0131z\u0131 bilgilendirme ve y\u00f6nlendirmekteyiz.<\/p>\n\n\n\n<p>T\u00fcketimimizi azaltmak ve tasarrufu sa\u011flamak ad\u0131na isi pompas\u0131 kullan\u0131larak enerji tasarrufu sa\u011flanmaktad\u0131r. Yine bu<\/p>\n\n\n\n<p>ama\u00e7la, koridorlar\u0131m\u0131zda sens\u00f6rl\u00fc ve evre dostu lambalar kullan\u0131lmaktad\u0131r.<\/p>\n\n\n\n<p>G\u00fcne\u015f enerjisi santralimizle elde etti\u011fimiz enerji ile y\u0131ll\u0131k 5397 a\u011fac\u0131 3,60 hektar orman\u0131 kurtar\u0131yor 33,31 ton co2<br><br> sal\u0131n\u0131m\u0131n\u0131 engelliyoruz.<\/p>\n\n\n\n<hr class=\"wp-block-separator\"\/>\n\n\n\n<h3><strong>Su Y\u00f6netimi Ve At\u0131k Su<\/strong><\/h3>\n\n\n\n<figure class=\"wp-block-image size-large is-resized is-style-default\"><img loading=\"lazy\" src=\"https:\/\/roziturizm.com\/wp-content\/uploads\/2024\/07\/full-shot-engineers-standing-near-river-1024x683.jpg\" alt=\"\" class=\"wp-image-837\" width=\"323\" height=\"215\" srcset=\"https:\/\/roziturizm.com\/wp-content\/uploads\/2024\/07\/full-shot-engineers-standing-near-river-1024x683.jpg 1024w, https:\/\/roziturizm.com\/wp-content\/uploads\/2024\/07\/full-shot-engineers-standing-near-river-300x200.jpg 300w, https:\/\/roziturizm.com\/wp-content\/uploads\/2024\/07\/full-shot-engineers-standing-near-river-768x512.jpg 768w, https:\/\/roziturizm.com\/wp-content\/uploads\/2024\/07\/full-shot-engineers-standing-near-river-1536x1024.jpg 1536w, https:\/\/roziturizm.com\/wp-content\/uploads\/2024\/07\/full-shot-engineers-standing-near-river-2048x1365.jpg 2048w\" sizes=\"(max-width: 323px) 100vw, 323px\" \/><\/figure>\n\n\n\n<p>Politikam\u0131z, su t\u00fcketiminin d\u00fczenli \u00f6l\u00e7\u00fclmesini, izlenmesini, azalt\u0131lmas\u0131n\u0131 i\u00e7ermektedir. Otelimizin su kullan\u0131m<\/p>\n\n\n\n<p>faaliyetleri nedeni ile deniz, g\u00f6l gibi sularda yasayan canl\u0131lar zarar g\u00f6rmemektedir.<\/p>\n\n\n\n<p>Su t\u00fcketimini azaltma hedeflerimiz bulunmaktad\u0131r. Buna y\u00f6nelik olarak otelimiz d\u00fczeltici \u00f6nlemler planlamakta ve<\/p>\n\n\n\n<p>uygulamaktad\u0131r.<\/p>\n\n\n\n<p>Personel ve payda\u015flar\u0131m\u0131z\u0131 hedeflerimiz do\u011frultusunda bilgilendirme ve y\u00f6nlendirmekteyiz. \u00c7ar\u015faf ve havlular\u0131n<\/p>\n\n\n\n<p>misafir iste\u011fine ba\u011fl\u0131 olarak de\u011fi\u015ftirilmesi gibi uygulamalar ile su tasarrufuna y\u00f6nelik \u00e7al\u0131\u015fmalar y\u00fcr\u00fct\u00fclmektedir. At\u0131k<\/p>\n\n\n\n<p>suyun bertaraf\u0131 i\u00e7in belirlenen d\u00fczenlemelere uyulmaktad\u0131r.<\/p>\n\n\n\n<hr class=\"wp-block-separator\"\/>\n\n\n\n<h3><strong>G\u0131da At\u0131\u011f\u0131 ve Kat\u0131 At\u0131k<\/strong><\/h3>\n\n\n\n<figure class=\"wp-block-image size-large is-resized is-style-default\"><img loading=\"lazy\" src=\"https:\/\/roziturizm.com\/wp-content\/uploads\/2024\/07\/recycle-background-with-woman-holding-recycle-sign-1024x1024.jpg\" alt=\"\" class=\"wp-image-838\" width=\"323\" height=\"215\"\/><\/figure>\n\n\n\n<p>Otelimize ait bir kat\u0131 atik plan\u0131 mevcuttur. Plan\u0131m\u0131za g\u00f6re at\u0131k rejimi takip edip at\u0131k azalt\u0131m\u0131, geri d\u00f6n\u00fc\u015f\u00fcm\u00fc, yeniden <br><br>kullan\u0131m\u0131 gibi durumlar\u0131 kapsar. Plan\u0131m\u0131z do\u011frultusunda personel ve payda\u015flar\u0131m\u0131z\u0131 bilgilendirmekte ve <br><br>y\u00f6nlendirmekteyiz.<\/p>\n\n\n\n<p>Kat\u0131 at\u0131klar\u0131m\u0131z evsel, ka\u011f\u0131t ve karton, plastik, metal, cam gibi t\u00fcrlerine g\u00f6re ayr\u0131\u015ft\u0131r\u0131lmakta, ayr\u0131\u015ft\u0131r\u0131l\u0131rken geri d\u00f6n\u00fc\u015f\u00fcm<br><br> ve yeniden kullan\u0131m durumlar\u0131 takip edilmektedir. Kalite politikam\u0131z gere\u011fi odalarda buklet malzemeleri<\/p>\n\n\n\n<p>kullan\u0131lmakta olup geri d\u00f6n\u00fc\u015f\u00fcmleri d\u00fczenli \u015fekilde sa\u011flanmaktad\u0131r. Hedeflerimiz aras\u0131nda doldurulabilir sisteme<\/p>\n\n\n\n<p>ge\u00e7mek bulunmaktad\u0131r.<\/p>\n\n\n\n<hr class=\"wp-block-separator\"\/>\n\n\n\n<h3><strong>Sosyal Sorumluluk<\/strong><\/h3>\n\n\n\n<figure class=\"wp-block-image size-large is-resized is-style-default\"><img loading=\"lazy\" src=\"https:\/\/roziturizm.com\/wp-content\/uploads\/2024\/07\/hands-holding-planet-model-sunlight-1024x683.jpg\" alt=\"\" class=\"wp-image-839\" width=\"323\" height=\"215\" srcset=\"https:\/\/roziturizm.com\/wp-content\/uploads\/2024\/07\/hands-holding-planet-model-sunlight-1024x683.jpg 1024w, https:\/\/roziturizm.com\/wp-content\/uploads\/2024\/07\/hands-holding-planet-model-sunlight-300x200.jpg 300w, https:\/\/roziturizm.com\/wp-content\/uploads\/2024\/07\/hands-holding-planet-model-sunlight-768x512.jpg 768w, https:\/\/roziturizm.com\/wp-content\/uploads\/2024\/07\/hands-holding-planet-model-sunlight-1536x1024.jpg 1536w, https:\/\/roziturizm.com\/wp-content\/uploads\/2024\/07\/hands-holding-planet-model-sunlight-2048x1365.jpg 2048w\" sizes=\"(max-width: 323px) 100vw, 323px\" \/><\/figure>\n\n\n\n<p>Rosy Apart olarak \u00e7evrenin, \u00e7al\u0131\u015fanlar\u0131n ve i\u00e7inde bulundu\u011fu toplumun geli\u015fimine katk\u0131da bulunmay\u0131 ve bu do\u011frultuda <br><br>\u00fcst\u00fcm\u00fcze d\u00fc\u015fen sorumluluklar\u0131 yerine getirmekteyiz.<\/p>\n\n\n\n<hr class=\"wp-block-separator\"\/>\n\n\n\n<h3><strong>\u00c7ocuklar\u0131n Korunmas\u0131 ve \u0130stismarlar\u0131n Engellenmesi<\/strong><\/h3>\n\n\n\n<figure class=\"wp-block-image size-large is-resized is-style-default\"><img loading=\"lazy\" src=\"https:\/\/roziturizm.com\/wp-content\/uploads\/2024\/07\/cute-daughter-mother-holding-hands-1024x681.jpg\" alt=\"\" class=\"wp-image-840\" width=\"323\" height=\"215\" srcset=\"https:\/\/roziturizm.com\/wp-content\/uploads\/2024\/07\/cute-daughter-mother-holding-hands-1024x681.jpg 1024w, https:\/\/roziturizm.com\/wp-content\/uploads\/2024\/07\/cute-daughter-mother-holding-hands-300x200.jpg 300w, https:\/\/roziturizm.com\/wp-content\/uploads\/2024\/07\/cute-daughter-mother-holding-hands-768x511.jpg 768w, https:\/\/roziturizm.com\/wp-content\/uploads\/2024\/07\/cute-daughter-mother-holding-hands-1536x1022.jpg 1536w, https:\/\/roziturizm.com\/wp-content\/uploads\/2024\/07\/cute-daughter-mother-holding-hands-2048x1363.jpg 2048w\" sizes=\"(max-width: 323px) 100vw, 323px\" \/><\/figure>\n\n\n\n<p>Rosy Apart olarak gelece\u011fimizi \u00e7ocuklar\u0131n \u015fekillendirece\u011fi bilincindeyiz. \u00c7ocuklar\u0131n her t\u00fcrl\u00fc s\u00f6m\u00fcr\u00fcs\u00fcn\u00fc k\u0131nar ve<\/p>\n\n\n\n<p>e\u011fitim amac\u0131 d\u0131\u015f\u0131nda 18 ya\u015f alt\u0131 \u00e7ocuklar i\u015fe al\u0131nmaz. \u00c7ocuk haklar\u0131na sayg\u0131, \u00e7ocuk istismar\u0131n\u0131n \u00f6nlenmesi, bak\u0131ma ve<\/p>\n\n\n\n<p>korunmaya muhta\u00e7 \u00e7ocuklara yard\u0131m konular\u0131nda faaliyet g\u00f6steren t\u00fcm yasal kurulu\u015flarla i\u015fbirli\u011fi i\u00e7erisinde<\/p>\n\n\n\n<p>olaca\u011f\u0131n\u0131, \u00e7al\u0131\u015fanlar\u0131n\u0131n da bu konuda bilgilenmesini sa\u011flayaca\u011f\u0131n\u0131 taahh\u00fct eder.<\/p>\n","protected":false},"excerpt":{"rendered":"<p>S\u00dcRD\u00dcR\u00dcLEB\u0130L\u0130RL\u0130K Y\u00d6NET\u0130M S\u0130STEM\u0130 POL\u0130T\u0130KALARIMIZ Yasal Gereklilikler Rosy Apart, t\u00fcm \u00fcr\u00fcn ve hizmet s\u00fcre\u00e7lerinde yasal gerekliliklere uymay\u0131 ilke edinmi\u015ftir. Bu ilkemiz do\u011frultusunda t\u00fcm personelimize bilgilendirme ve e\u011fitimler yap\u0131lmaktad\u0131r. i\u015fletmemiz ulusal ve uluslararas\u0131 t\u00fcm yasal mevzuata uygun faaliyet g\u00f6stermektedir. \u0130\u015f G\u00fcvenli\u011fi ve E\u011fitim Personelimiz en de\u011ferli varl\u0131\u011f\u0131m\u0131zd\u0131r. \u00c7al\u0131\u015fanlar\u0131m\u0131z\u0131n ve i\u015f ortaklar\u0131m\u0131z\u0131n sa\u011fl\u0131k ve g\u00fcvenliklerini tehlikeye atacak riskleri [&hellip;]<\/p>\n","protected":false},"author":1,"featured_media":0,"parent":0,"menu_order":0,"comment_status":"closed","ping_status":"closed","template":"","meta":[],"_links":{"self":[{"href":"https:\/\/roziturizm.com\/index.php\/wp-json\/wp\/v2\/pages\/10"}],"collection":[{"href":"https:\/\/roziturizm.com\/index.php\/wp-json\/wp\/v2\/pages"}],"about":[{"href":"https:\/\/roziturizm.com\/index.php\/wp-json\/wp\/v2\/types\/page"}],"author":[{"embeddable":true,"href":"https:\/\/roziturizm.com\/index.php\/wp-json\/wp\/v2\/users\/1"}],"replies":[{"embeddable":true,"href":"https:\/\/roziturizm.com\/index.php\/wp-json\/wp\/v2\/comments?post=10"}],"version-history":[{"count":67,"href":"https:\/\/roziturizm.com\/index.php\/wp-json\/wp\/v2\/pages\/10\/revisions"}],"predecessor-version":[{"id":1120,"href":"https:\/\/roziturizm.com\/index.php\/wp-json\/wp\/v2\/pages\/10\/revisions\/1120"}],"wp:attachment":[{"href":"https:\/\/roziturizm.com\/index.php\/wp-json\/wp\/v2\/media?parent=10"}],"curies":[{"name":"wp","href":"https:\/\/api.w.org\/{rel}","templated":true}]}}