{"id":8,"date":"2024-06-06T15:27:07","date_gmt":"2024-06-06T12:27:07","guid":{"rendered":"https:\/\/roziturizm.com\/?page_id=8"},"modified":"2024-07-26T17:24:04","modified_gmt":"2024-07-26T14:24:04","slug":"faaliyetlerimiz","status":"publish","type":"page","link":"https:\/\/roziturizm.com\/index.php\/faaliyetlerimiz\/","title":{"rendered":"Faaliyetlerimiz"},"content":{"rendered":"\n<h2>ROSY APART<\/h2>\n\n\n\n<figure class=\"wp-block-image size-large is-style-default\"><a href=\"http:\/\/www.rosyhotel.net\/apart\" target=\"_blank\" rel=\"noopener\"><img loading=\"lazy\" width=\"1000\" height=\"622\" src=\"https:\/\/roziturizm.com\/wp-content\/uploads\/2024\/07\/apartrosy-4.jpg\" alt=\"\" class=\"wp-image-933\" srcset=\"https:\/\/roziturizm.com\/wp-content\/uploads\/2024\/07\/apartrosy-4.jpg 1000w, https:\/\/roziturizm.com\/wp-content\/uploads\/2024\/07\/apartrosy-4-300x187.jpg 300w, https:\/\/roziturizm.com\/wp-content\/uploads\/2024\/07\/apartrosy-4-768x478.jpg 768w\" sizes=\"(max-width: 1000px) 100vw, 1000px\" \/><\/a><\/figure>\n\n\n\n<p>Rosy Apart: 1995 y\u0131l\u0131nda faaliyetlerine ba\u015flayan Rosy Apart 70 oda 240 yatakl\u0131d\u0131r. <br>Marmaris&#8217;te merkezi konumu ile yerli ve yabanc\u0131 misafirlerini a\u011f\u0131rlamaya devam etmektedir.<\/p>\n","protected":false},"excerpt":{"rendered":"<p>ROSY APART Rosy Apart: 1995 y\u0131l\u0131nda faaliyetlerine ba\u015flayan Rosy Apart 70 oda 240 yatakl\u0131d\u0131r. Marmaris&#8217;te merkezi konumu ile yerli ve yabanc\u0131 misafirlerini a\u011f\u0131rlamaya devam etmektedir.<\/p>\n","protected":false},"author":1,"featured_media":0,"parent":0,"menu_order":0,"comment_status":"closed","ping_status":"closed","template":"","meta":[],"_links":{"self":[{"href":"https:\/\/roziturizm.com\/index.php\/wp-json\/wp\/v2\/pages\/8"}],"collection":[{"href":"https:\/\/roziturizm.com\/index.php\/wp-json\/wp\/v2\/pages"}],"about":[{"href":"https:\/\/roziturizm.com\/index.php\/wp-json\/wp\/v2\/types\/page"}],"author":[{"embeddable":true,"href":"https:\/\/roziturizm.com\/index.php\/wp-json\/wp\/v2\/users\/1"}],"replies":[{"embeddable":true,"href":"https:\/\/roziturizm.com\/index.php\/wp-json\/wp\/v2\/comments?post=8"}],"version-history":[{"count":20,"href":"https:\/\/roziturizm.com\/index.php\/wp-json\/wp\/v2\/pages\/8\/revisions"}],"predecessor-version":[{"id":936,"href":"https:\/\/roziturizm.com\/index.php\/wp-json\/wp\/v2\/pages\/8\/revisions\/936"}],"wp:attachment":[{"href":"https:\/\/roziturizm.com\/index.php\/wp-json\/wp\/v2\/media?parent=8"}],"curies":[{"name":"wp","href":"https:\/\/api.w.org\/{rel}","templated":true}]}}