{"id":87,"date":"2024-06-12T11:21:17","date_gmt":"2024-06-12T08:21:17","guid":{"rendered":"https:\/\/roziturizm.com\/index.php\/brite\/"},"modified":"2025-07-17T17:25:46","modified_gmt":"2025-07-17T14:25:46","slug":"brite","status":"publish","type":"page","link":"https:\/\/roziturizm.com\/","title":{"rendered":"Front Page"},"content":{"rendered":"<div data-colibri-id=\"87-c1\" class=\"style-199 style-local-87-c1 position-relative\">\n  <!---->\n  <div data-colibri-component=\"section\" data-colibri-id=\"87-c2\" id=\"custom\" class=\"h-section h-section-global-spacing d-flex align-items-lg-center align-items-md-center align-items-center style-205 style-local-87-c2 position-relative\">\n    <!---->\n    <!---->\n    <div class=\"h-section-grid-container h-section-boxed-container\">\n      <!---->\n      <div data-colibri-id=\"87-c3\" class=\"h-row-container gutters-row-lg-2 gutters-row-md-2 gutters-row-0 gutters-row-v-lg-2 gutters-row-v-md-2 gutters-row-v-2 style-208 style-local-87-c3 position-relative\">\n        <!---->\n        <div class=\"h-row justify-content-lg-center justify-content-md-center justify-content-center align-items-lg-stretch align-items-md-stretch align-items-stretch gutters-col-lg-2 gutters-col-md-2 gutters-col-0 gutters-col-v-lg-2 gutters-col-v-md-2 gutters-col-v-2\">\n          <!---->\n          <div class=\"h-column h-column-container d-flex h-col-lg-auto h-col-md-auto h-col-auto style-209-outer style-local-87-c4-outer\">\n            <div data-colibri-id=\"87-c4\" class=\"d-flex h-flex-basis h-column__inner h-px-lg-2 h-px-md-2 h-px-2 v-inner-lg-2 v-inner-md-2 v-inner-2 style-209 style-local-87-c4 position-relative\">\n              <!---->\n              <!---->\n              <div class=\"w-100 h-y-container h-column__content h-column__v-align flex-basis-100 align-self-lg-start align-self-md-start align-self-start\">\n                <!---->\n                <div data-colibri-id=\"87-c5\" class=\"h-text h-text-component style-210 style-local-87-c5 position-relative h-element\">\n                  <!---->\n                  <!---->\n                  <div class=\"\">\n                    <p>1995 y\u0131l\u0131nda Melek Efecik taraf\u0131ndan kurulan Rozi Turizm Marmaris&#8217;in d\u00fcnyaca bilinilirli\u011finin artmaya ba\u015flad\u0131\u011f\u0131 d\u00f6nemde Rosy Apart ile konaklama sekt\u00f6r\u00fcne giri\u015f yapm\u0131\u015ft\u0131r. Rosy Apart m\u00fc\u015fteri memnuniyeti odakl\u0131 hizmet anlay\u0131\u015f\u0131yla konaklama\n                      sekt\u00f6r\u00fcnde \u00f6nc\u00fc bir rol \u00fcstlenmi\u015fti. Devam eden y\u0131llarda faaliyet alanlar\u0131na seyahat acente hizmetleri, gayrimenkul kiralama, g\u00fcnl\u00fck turlar\u0131 eklemi\u015ftir.<\/p>\n                    <p>\u00c7eyrek as\u0131rl\u0131k deneyimini teknolojik geli\u015fmelerle bulu\u015fturup dijital d\u00f6n\u00fc\u015f\u00fcme ayak uydurarak online seyahat portal\u0131 ile turizm sekt\u00f6r\u00fcndeki faaliyetlerini geli\u015ftirmi\u015ftir.<\/p>\n                    <p>Rozi Turizm, m\u00fc\u015fteri memnuniyetini her zaman \u00f6n planda tutar. Deneyimli ve g\u00fcler y\u00fczl\u00fc personeli ile misafirlerine en iyi hizmeti sunmak i\u00e7in s\u00fcrekli olarak \u00e7al\u0131\u015fmaktad\u0131r. M\u00fc\u015fterilerinin tatil deneyimlerini daha keyifli hale getirmek\n                      i\u00e7in her t\u00fcrl\u00fc detay\u0131 d\u00fc\u015f\u00fcnerek hareket eden firma, bu yakla\u015f\u0131m\u0131 ile sekt\u00f6rde fark yaratmaktad\u0131r.<\/p>\n                    <p>\n                      <br>\n                    <\/p>\n                  <\/div>\n                <\/div>\n              <\/div>\n            <\/div>\n          <\/div>\n        <\/div>\n      <\/div>\n      <div data-colibri-id=\"87-c6\" class=\"h-row-container gutters-row-lg-2 gutters-row-md-2 gutters-row-0 gutters-row-v-lg-2 gutters-row-v-md-2 gutters-row-v-2 style-206 style-local-87-c6 position-relative\">\n        <!---->\n        <div class=\"h-row justify-content-lg-center justify-content-md-center justify-content-center align-items-lg-stretch align-items-md-stretch align-items-stretch gutters-col-lg-2 gutters-col-md-2 gutters-col-0 gutters-col-v-lg-2 gutters-col-v-md-2 gutters-col-v-2\">\n          <!---->\n          <div class=\"h-column h-column-container d-flex h-col-lg-auto h-col-md-auto h-col-auto style-207-outer style-local-87-c7-outer\">\n            <div data-colibri-id=\"87-c7\" class=\"d-flex h-flex-basis h-column__inner h-ui-empty-state-container h-px-lg-2 h-px-md-2 h-px-2 v-inner-lg-2 v-inner-md-2 v-inner-2 style-207 style-local-87-c7 position-relative\">\n              <!---->\n              <!---->\n              <div class=\"w-100 h-y-container h-column__content h-column__v-align flex-basis-100\">\n                <!---->\n              <\/div>\n            <\/div>\n          <\/div>\n        <\/div>\n      <\/div>\n    <\/div>\n  <\/div>\n  <div data-colibri-component=\"section\" data-colibri-id=\"87-c8\" id=\"overlappable\" class=\"h-section h-section-global-spacing d-flex align-items-lg-center align-items-md-center align-items-center style-212 style-local-87-c8 position-relative\">\n    <!---->\n    <!---->\n    <div class=\"h-section-grid-container h-section-boxed-container\">\n      <!---->\n      <div data-colibri-id=\"87-c9\" class=\"h-row-container gutters-row-lg-2 gutters-row-md-0 gutters-row-2 gutters-row-v-lg-2 gutters-row-v-md-0 gutters-row-v-2 style-213 style-local-87-c9 position-relative\">\n        <!---->\n        <div class=\"h-row justify-content-lg-center justify-content-md-center justify-content-center align-items-lg-stretch align-items-md-stretch align-items-stretch gutters-col-lg-2 gutters-col-md-0 gutters-col-2 gutters-col-v-lg-2 gutters-col-v-md-0 gutters-col-v-2\">\n          <!---->\n          <div class=\"h-column h-column-container d-flex h-col-lg-4 h-col-md-4 h-col-12 style-214-outer style-local-87-c10-outer\">\n            <div data-colibri-id=\"87-c10\" class=\"d-flex h-flex-basis h-column__inner h-px-lg-2 h-px-md-3 h-px-2 v-inner-lg-0 v-inner-md-3 v-inner-2 style-214 style-local-87-c10 position-relative\">\n              <!---->\n              <!---->\n              <div class=\"w-100 h-y-container h-column__content h-column__v-align flex-basis-100 align-self-lg-start align-self-md-start align-self-start\">\n                <!---->\n                <div data-colibri-id=\"87-c11\" class=\"h-icon style-215 style-local-87-c11 position-relative h-element\">\n                  <!---->\n                  <a href=\"https:\/\/hugeevleri.com\/\" target=\"_blank\" h-use-smooth-scroll=\"true\" rel=\"noopener\"><span class=\"h-svg-icon h-icon__icon style-215-icon style-local-87-c11-icon\"><!--Icon by Icons8 Line Awesome (https:\/\/icons8.com\/line-awesome)--><svg version=\"1.1\" xmlns=\"http:\/\/www.w3.org\/2000\/svg\" xmlns:xlink=\"http:\/\/www.w3.org\/1999\/xlink\" id=\"home\" viewBox=\"0 0 512 545.5\"><path d=\"M256 73.5l11.5 11 208 208-23 23L432 295v185H288V320h-64v160H80V295l-20.5 20.5-23-23 208-208zm0 45.5L112 263v185h80V288h128v160h80V263z\"><\/path><\/svg><\/span><\/a>\n                <\/div>\n                <div data-colibri-id=\"87-c12\" class=\"h-global-transition-all h-heading style-216 style-local-87-c12 position-relative h-element\">\n                  <!---->\n                  <div class=\"h-heading__outer style-216 style-local-87-c12\">\n                    <!---->\n                    <!---->\n                    <h5 class=\"\">hUGE eVLER<\/h5>\n                  <\/div>\n                <\/div>\n                <div data-colibri-id=\"87-c13\" class=\"h-lead h-text h-text-component style-217 style-local-87-c13 position-relative h-element\">\n                  <!---->\n                  <!---->\n                  <div class=\"\">\n                    <p><span style=\"color: rgb(102, 102, 102); font-family: &quot;Open Sans&quot;; font-size: 16px; font-weight: 400;\">Huge Evleri<br>De\u011fi\u015fik b\u00fcy\u00fckl\u00fcklerdeki evleriyle farkl\u0131 b\u00fct\u00e7elere uygun g\u00fcnl\u00fck konaklama hizmetleri sunmaktad\u0131r.<\/span><\/p>\n                  <\/div>\n                <\/div>\n              <\/div>\n            <\/div>\n          <\/div>\n          <div class=\"h-column h-column-container d-flex h-col-lg-4 h-col-md-4 h-col-12 style-214-outer style-local-87-c14-outer\">\n            <div data-colibri-id=\"87-c14\" class=\"d-flex h-flex-basis h-column__inner h-px-lg-2 h-px-md-3 h-px-2 v-inner-lg-0 v-inner-md-3 v-inner-2 style-214 style-local-87-c14 position-relative\">\n              <!---->\n              <!---->\n              <div class=\"w-100 h-y-container h-column__content h-column__v-align flex-basis-100 align-self-lg-start align-self-md-start align-self-start\">\n                <!---->\n                <div data-colibri-id=\"87-c15\" class=\"h-icon style-215 style-local-87-c15 position-relative h-element\">\n                  <!---->\n                  <a href=\"http:\/\/www.rosyhotel.net\/apart\" target=\"_blank\" h-use-smooth-scroll=\"true\" rel=\"noopener\"><span class=\"h-svg-icon h-icon__icon style-215-icon style-local-87-c15-icon\"><!--Icon by Icons8 Line Awesome (https:\/\/icons8.com\/line-awesome)--><svg version=\"1.1\" xmlns=\"http:\/\/www.w3.org\/2000\/svg\" xmlns:xlink=\"http:\/\/www.w3.org\/1999\/xlink\" id=\"building\" viewBox=\"0 0 512 545.5\"><path d=\"M64 80h384v416H272v-64h-32v64H64V80zm32 32v352h112v-64h96v64h112V112H96zm32 32h64v32h-64v-32zm96 0h64v32h-64v-32zm96 0h64v32h-64v-32zm-192 64h64v32h-64v-32zm96 0h64v32h-64v-32zm96 0h64v32h-64v-32zm-192 64h64v32h-64v-32zm96 0h64v32h-64v-32zm96 0h64v32h-64v-32zm-192 64h64v32h-64v-32zm96 0h64v32h-64v-32zm96 0h64v32h-64v-32zm-192 64h64v32h-64v-32zm192 0h64v32h-64v-32z\"><\/path><\/svg><\/span><\/a>\n                <\/div>\n                <div data-colibri-id=\"87-c16\" class=\"h-global-transition-all h-heading style-216 style-local-87-c16 position-relative h-element\">\n                  <!---->\n                  <div class=\"h-heading__outer style-216 style-local-87-c16\">\n                    <!---->\n                    <!---->\n                    <h5 class=\"\">ROSY APART<\/h5>\n                  <\/div>\n                <\/div>\n                <div data-colibri-id=\"87-c17\" class=\"h-lead h-text h-text-component style-217 style-local-87-c17 position-relative h-element\">\n                  <!---->\n                  <!---->\n                  <div class=\"\">\n                    <p><span style=\"color: rgb(102, 102, 102); font-family: &quot;Open Sans&quot;; font-size: 16px; font-weight: 400;\">1995 y\u0131l\u0131nda faaliyetlerine ba\u015flayan Rosy Apart 70 oda 240 yatakl\u0131d\u0131r.&nbsp;Marmaris\u2019te merkezi konumu ile yerli ve yabanc\u0131 misafirlerini a\u011f\u0131rlamaya devam etmektedir.<\/span><\/p>\n                  <\/div>\n                <\/div>\n              <\/div>\n            <\/div>\n          <\/div>\n          <div class=\"h-column h-column-container d-flex h-col-lg-4 h-col-md-4 h-col-12 style-214-outer style-local-87-c18-outer\">\n            <div data-colibri-id=\"87-c18\" class=\"d-flex h-flex-basis h-column__inner h-px-lg-2 h-px-md-3 h-px-2 v-inner-lg-0 v-inner-md-3 v-inner-2 style-214 style-local-87-c18 position-relative\">\n              <!---->\n              <!---->\n              <div class=\"w-100 h-y-container h-column__content h-column__v-align flex-basis-100 align-self-lg-start align-self-md-start align-self-start\">\n                <!---->\n                <div data-colibri-id=\"87-c19\" class=\"h-icon style-215 style-local-87-c19 position-relative h-element\">\n                  <!---->\n                  <a href=\"http:\/\/hugetours.com\/\" target=\"_blank\" h-use-smooth-scroll=\"true\" rel=\"noopener\"><span class=\"h-svg-icon h-icon__icon style-215-icon style-local-87-c19-icon\"><!--Icon by Font Awesome (https:\/\/fontawesome.com)-->\n    <svg version=\"1.1\" xmlns=\"http:\/\/www.w3.org\/2000\/svg\" xmlns:xlink=\"http:\/\/www.w3.org\/1999\/xlink\" id=\"ship\" viewBox=\"0 0 2048 1896.0833\">\n      <path d=\"M1811 1555q19-19 45-19t45 19l128 128-90 90-83-83-83 83q-18 19-45 19t-45-19l-83-83-83 83q-19 19-45 19t-45-19l-83-83-83 83q-19 19-45 19t-45-19l-83-83-83 83q-19 19-45 19t-45-19l-83-83-83 83q-19 19-45 19t-45-19l-83-83-83 83q-19 19-45 19t-45-19l-83-83-83 83q-19 19-45 19t-45-19L19 1645l90-90 83 83 83-83q19-19 45-19t45 19l83 83 83-83q19-19 45-19t45 19l83 83 83-83q19-19 45-19t45 19l83 83 83-83q19-19 45-19t45 19l83 83 83-83q19-19 45-19t45 19l83 83 83-83q19-19 45-19t45 19l83 83zm-1574-38q-19 19-45 19t-45-19L19 1389l90-90 83 82 83-82q19-19 45-19t45 19l83 82 64-64v-293L302 710q-17-26-7-56.5t40-40.5l177-58V256h128V128h256V0h256v128h256v128h128v299l177 58q30 10 40 40.5t-7 56.5l-210 314v293l19-18q19-19 45-19t45 19l83 82 83-82q19-19 45-19t45 19l128 128-90 90-83-83-83 83q-18 19-45 19t-45-19l-83-83-83 83q-19 19-45 19t-45-19l-83-83-83 83q-19 19-45 19t-45-19l-83-83-83 83q-19 19-45 19t-45-19l-83-83-83 83q-19 19-45 19t-45-19l-83-83-83 83q-19 19-45 19t-45-19l-83-83zM640 384v128l384-128 384 128V384h-128V256H768v128H640z\"><\/path>\n    <\/svg><\/span><\/a>\n                <\/div>\n                <div data-colibri-id=\"87-c20\" class=\"h-global-transition-all h-heading style-216 style-local-87-c20 position-relative h-element\">\n                  <!---->\n                  <div class=\"h-heading__outer style-216 style-local-87-c20\">\n                    <!---->\n                    <!---->\n                    <h5 class=\"\">HUGE TOURS<\/h5>\n                  <\/div>\n                <\/div>\n                <div data-colibri-id=\"87-c21\" class=\"h-lead h-text h-text-component style-217 style-local-87-c21 position-relative h-element\">\n                  <!---->\n                  <!---->\n                  <div class=\"\">\n                    <p><span style=\"color: rgb(102, 102, 102); font-family: &quot;Open Sans&quot;; font-size: 16px; font-weight: 400;\">2007 y\u0131l\u0131nda faaliyetlerine ba\u015flayan Huge Tours u\u00e7ak bileti otel rezervasyonlar\u0131 g\u00fcnl\u00fck turlar ve transferler ile t\u00fcm tatil ihtiya\u00e7lar\u0131na \u00e7\u00f6z\u00fcm \u00fcretmektedir<\/span>.<\/p>\n                  <\/div>\n                <\/div>\n              <\/div>\n            <\/div>\n          <\/div>\n        <\/div>\n      <\/div>\n    <\/div>\n  <\/div>\n  <div data-colibri-component=\"section\" data-colibri-id=\"87-c22\" id=\"overlappable-2\" class=\"h-section h-section-global-spacing d-flex align-items-lg-center align-items-md-center align-items-center style-218 style-local-87-c22 position-relative\">\n    <!---->\n    <!---->\n    <div class=\"h-section-grid-container h-section-boxed-container\">\n      <!---->\n      <div data-colibri-id=\"87-c23\" class=\"h-row-container gutters-row-lg-2 gutters-row-md-0 gutters-row-2 gutters-row-v-lg-2 gutters-row-v-md-0 gutters-row-v-2 style-219 style-local-87-c23 position-relative\">\n        <!---->\n        <div class=\"h-row justify-content-lg-center justify-content-md-center justify-content-center align-items-lg-stretch align-items-md-stretch align-items-stretch gutters-col-lg-2 gutters-col-md-0 gutters-col-2 gutters-col-v-lg-2 gutters-col-v-md-0 gutters-col-v-2\">\n          <!---->\n          <div class=\"h-column h-column-container d-flex h-col-lg-6 h-col-md-6 h-col-12 style-220-outer style-local-87-c24-outer\">\n            <div data-colibri-id=\"87-c24\" class=\"d-flex h-flex-basis h-column__inner h-px-lg-2 h-px-md-3 h-px-2 v-inner-lg-0 v-inner-md-3 v-inner-2 style-220 style-local-87-c24 position-relative\">\n              <!---->\n              <!---->\n              <div class=\"w-100 h-y-container h-column__content h-column__v-align flex-basis-100 align-self-lg-start align-self-md-start align-self-start\">\n                <!---->\n                <div data-colibri-id=\"87-c25\" class=\"h-icon style-221 style-local-87-c25 position-relative h-element\">\n                  <!---->\n                  <a href=\"http:\/\/efecikyapi.com\/tr\" target=\"_blank\" h-use-smooth-scroll=\"true\" rel=\"noopener\"><span class=\"h-svg-icon h-icon__icon style-221-icon style-local-87-c25-icon\"><!--Icon by Font Awesome (https:\/\/fontawesome.com)-->\n    <svg version=\"1.1\" xmlns=\"http:\/\/www.w3.org\/2000\/svg\" xmlns:xlink=\"http:\/\/www.w3.org\/1999\/xlink\" id=\"building\" viewBox=\"0 0 1552.451 1896.0833\">\n      <path d=\"M1344 0q26 0 45 19t19 45v1664q0 26-19 45t-45 19H64q-26 0-45-19t-19-45V64q0-26 19-45T64 0h1280zM512 288v64q0 14 9 23t23 9h64q14 0 23-9t9-23v-64q0-14-9-23t-23-9h-64q-14 0-23 9t-9 23zm0 256v64q0 14 9 23t23 9h64q14 0 23-9t9-23v-64q0-14-9-23t-23-9h-64q-14 0-23 9t-9 23zm0 256v64q0 14 9 23t23 9h64q14 0 23-9t9-23v-64q0-14-9-23t-23-9h-64q-14 0-23 9t-9 23zm0 256v64q0 14 9 23t23 9h64q14 0 23-9t9-23v-64q0-14-9-23t-23-9h-64q-14 0-23 9t-9 23zm-128 320v-64q0-14-9-23t-23-9h-64q-14 0-23 9t-9 23v64q0 14 9 23t23 9h64q14 0 23-9t9-23zm0-256v-64q0-14-9-23t-23-9h-64q-14 0-23 9t-9 23v64q0 14 9 23t23 9h64q14 0 23-9t9-23zm0-256v-64q0-14-9-23t-23-9h-64q-14 0-23 9t-9 23v64q0 14 9 23t23 9h64q14 0 23-9t9-23zm0-256v-64q0-14-9-23t-23-9h-64q-14 0-23 9t-9 23v64q0 14 9 23t23 9h64q14 0 23-9t9-23zm0-256v-64q0-14-9-23t-23-9h-64q-14 0-23 9t-9 23v64q0 14 9 23t23 9h64q14 0 23-9t9-23zm512 1280v-192q0-14-9-23t-23-9H544q-14 0-23 9t-9 23v192q0 14 9 23t23 9h320q14 0 23-9t9-23zm0-512v-64q0-14-9-23t-23-9h-64q-14 0-23 9t-9 23v64q0 14 9 23t23 9h64q14 0 23-9t9-23zm0-256v-64q0-14-9-23t-23-9h-64q-14 0-23 9t-9 23v64q0 14 9 23t23 9h64q14 0 23-9t9-23zm0-256v-64q0-14-9-23t-23-9h-64q-14 0-23 9t-9 23v64q0 14 9 23t23 9h64q14 0 23-9t9-23zm0-256v-64q0-14-9-23t-23-9h-64q-14 0-23 9t-9 23v64q0 14 9 23t23 9h64q14 0 23-9t9-23zm256 1024v-64q0-14-9-23t-23-9h-64q-14 0-23 9t-9 23v64q0 14 9 23t23 9h64q14 0 23-9t9-23zm0-256v-64q0-14-9-23t-23-9h-64q-14 0-23 9t-9 23v64q0 14 9 23t23 9h64q14 0 23-9t9-23zm0-256v-64q0-14-9-23t-23-9h-64q-14 0-23 9t-9 23v64q0 14 9 23t23 9h64q14 0 23-9t9-23zm0-256v-64q0-14-9-23t-23-9h-64q-14 0-23 9t-9 23v64q0 14 9 23t23 9h64q14 0 23-9t9-23zm0-256v-64q0-14-9-23t-23-9h-64q-14 0-23 9t-9 23v64q0 14 9 23t23 9h64q14 0 23-9t9-23z\"><\/path>\n    <\/svg><\/span><\/a>\n                <\/div>\n                <div data-colibri-id=\"87-c26\" class=\"h-global-transition-all h-heading style-222 style-local-87-c26 position-relative h-element\">\n                  <!---->\n                  <div class=\"h-heading__outer style-222 style-local-87-c26\">\n                    <!---->\n                    <!---->\n                    <h5 class=\"\">Gayrimenkul<\/h5>\n                  <\/div>\n                <\/div>\n                <div data-colibri-id=\"87-c27\" class=\"h-text h-text-component style-223 style-local-87-c27 position-relative h-element\">\n                  <!---->\n                  <!---->\n                  <div class=\"\">\n                    <p><strong style=\"font-size: 16px; font-family: &quot;Open Sans&quot;; color: rgb(102, 102, 102);\">&nbsp;<\/strong><span style=\"font-size: 16px; font-family: &quot;Open Sans&quot;; color: rgb(102, 102, 102); font-weight: 400;\">Kuvvetli porf\u00f6y yap\u0131s\u0131 ile Marmaris ve \u00e7evresinde yat\u0131r\u0131mc\u0131lar\u0131na profesyonel \u00e7\u00f6z\u00fcmler sunar.<\/span><\/p>\n                  <\/div>\n                <\/div>\n              <\/div>\n            <\/div>\n          <\/div>\n          <div class=\"h-column h-column-container d-flex h-col-lg-6 h-col-md-6 h-col-12 style-220-outer style-local-87-c28-outer\">\n            <div data-colibri-id=\"87-c28\" class=\"d-flex h-flex-basis h-column__inner h-px-lg-2 h-px-md-3 h-px-2 v-inner-lg-0 v-inner-md-3 v-inner-2 style-220 style-local-87-c28 position-relative\">\n              <!---->\n              <!---->\n              <div class=\"w-100 h-y-container h-column__content h-column__v-align flex-basis-100 align-self-lg-start align-self-md-start align-self-start\">\n                <!---->\n                <div data-colibri-id=\"87-c29\" class=\"h-icon style-221 style-local-87-c29 position-relative h-element\">\n                  <!---->\n                  <a href=\"https:\/\/gidiyorum.com\" target=\"_blank\" h-use-smooth-scroll=\"true\" rel=\"noopener\"><span class=\"h-svg-icon h-icon__icon style-221-icon style-local-87-c29-icon\"><!--Icon by Icons8 Line Awesome (https:\/\/icons8.com\/line-awesome)--><svg version=\"1.1\" xmlns=\"http:\/\/www.w3.org\/2000\/svg\" xmlns:xlink=\"http:\/\/www.w3.org\/1999\/xlink\" id=\"plane\" viewBox=\"0 0 512 545.5\"><path d=\"M256 80c26.32 0 48 21.68 48 48v117.5l134.5 60 9.5 4V386l-18-2-126-14v29.5l41 27.5 7 4.5v68l-19-4-77-15.5-77 15.5-19 4v-68l7-4.5 41-27.5V370L82 384l-18 2v-76.5l9.5-4 134.5-60V128c0-26.32 21.68-48 48-48zm0 32c-9.04 0-16 6.96-16 16v138.5l-9.5 4-134.5 60V350l126-14 18-2v83l-7 4.5-41 27.5v11.5l61-12 3-1 3 1 61 12V449l-41-27.5-7-4.5v-83l18 2 126 14v-19.5l-134.5-60-9.5-4V128c0-9.04-6.96-16-16-16z\"><\/path><\/svg><\/span><\/a>\n                <\/div>\n                <div data-colibri-id=\"87-c30\" class=\"h-global-transition-all h-heading style-222 style-local-87-c30 position-relative h-element\">\n                  <!---->\n                  <div class=\"h-heading__outer style-222 style-local-87-c30\">\n                    <!---->\n                    <!---->\n                    <h5 class=\"\">Gidiyorum.com<\/h5>\n                  <\/div>\n                <\/div>\n                <div data-colibri-id=\"87-c31\" class=\"h-text h-text-component style-223 style-local-87-c31 position-relative h-element\">\n                  <!---->\n                  <!---->\n                  <div class=\"\">\n                    <p><span style=\"color: rgb(102, 102, 102); font-family: &quot;Open Sans&quot;; font-size: 16px; font-weight: 400;\">Tatil planlamas\u0131 yapmak isteyenler i\u00e7in u\u00e7ak bileti otel rezervasyonlar\u0131 ve otob\u00fcs biletleme hizmetleri sunmaktad\u0131r. Online olarak kolay ve h\u0131zl\u0131 rezervasyon imkan\u0131 sunan bir platformdur.<\/span><\/p>\n                  <\/div>\n                <\/div>\n              <\/div>\n            <\/div>\n          <\/div>\n          <div class=\"h-column h-column-container d-flex h-col-lg-6 h-col-md-6 h-col-12 style-220-outer style-local-87-c32-outer\">\n            <div data-colibri-id=\"87-c32\" class=\"d-flex h-flex-basis h-column__inner h-px-lg-2 h-px-md-3 h-px-2 v-inner-lg-0 v-inner-md-3 v-inner-2 style-220 style-local-87-c32 position-relative\">\n              <!---->\n              <!---->\n              <div class=\"w-100 h-y-container h-column__content h-column__v-align flex-basis-100 align-self-lg-start align-self-md-start align-self-start\">\n                <!---->\n                <div data-colibri-id=\"87-c33\" class=\"h-global-transition-all h-heading style-222 style-local-87-c33 position-relative h-element\">\n                  <!---->\n                  <div class=\"h-heading__outer style-222 style-local-87-c33\">\n                    <!---->\n                    <!---->\n                    <h5 class=\"\"><\/h5>\n                  <\/div>\n                <\/div>\n              <\/div>\n            <\/div>\n          <\/div>\n        <\/div>\n      <\/div>\n    <\/div>\n  <\/div>\n<\/div>","protected":false},"excerpt":{"rendered":"<p>1995 y\u0131l\u0131nda Melek Efecik taraf\u0131ndan kurulan Rozi Turizm Marmaris&#8217;in d\u00fcnyaca bilinilirli\u011finin artmaya ba\u015flad\u0131\u011f\u0131 d\u00f6nemde Rosy Apart ile konaklama sekt\u00f6r\u00fcne giri\u015f yapm\u0131\u015ft\u0131r. Rosy Apart m\u00fc\u015fteri memnuniyeti odakl\u0131 hizmet anlay\u0131\u015f\u0131yla konaklama sekt\u00f6r\u00fcnde \u00f6nc\u00fc bir rol \u00fcstlenmi\u015fti. Devam eden y\u0131llarda faaliyet alanlar\u0131na seyahat acente hizmetleri, gayrimenkul kiralama, g\u00fcnl\u00fck turlar\u0131 eklemi\u015ftir. \u00c7eyrek as\u0131rl\u0131k deneyimini teknolojik geli\u015fmelerle bulu\u015fturup dijital d\u00f6n\u00fc\u015f\u00fcme [&hellip;]<\/p>\n","protected":false},"author":1,"featured_media":0,"parent":0,"menu_order":0,"comment_status":"closed","ping_status":"closed","template":"page-templates\/homepage.php","meta":[],"_links":{"self":[{"href":"https:\/\/roziturizm.com\/index.php\/wp-json\/wp\/v2\/pages\/87"}],"collection":[{"href":"https:\/\/roziturizm.com\/index.php\/wp-json\/wp\/v2\/pages"}],"about":[{"href":"https:\/\/roziturizm.com\/index.php\/wp-json\/wp\/v2\/types\/page"}],"author":[{"embeddable":true,"href":"https:\/\/roziturizm.com\/index.php\/wp-json\/wp\/v2\/users\/1"}],"replies":[{"embeddable":true,"href":"https:\/\/roziturizm.com\/index.php\/wp-json\/wp\/v2\/comments?post=87"}],"version-history":[{"count":20,"href":"https:\/\/roziturizm.com\/index.php\/wp-json\/wp\/v2\/pages\/87\/revisions"}],"predecessor-version":[{"id":1159,"href":"https:\/\/roziturizm.com\/index.php\/wp-json\/wp\/v2\/pages\/87\/revisions\/1159"}],"wp:attachment":[{"href":"https:\/\/roziturizm.com\/index.php\/wp-json\/wp\/v2\/media?parent=87"}],"curies":[{"name":"wp","href":"https:\/\/api.w.org\/{rel}","templated":true}]}}