{"id":923,"date":"2024-07-26T17:19:56","date_gmt":"2024-07-26T14:19:56","guid":{"rendered":"https:\/\/roziturizm.com\/?page_id=923"},"modified":"2024-09-09T11:28:29","modified_gmt":"2024-09-09T08:28:29","slug":"huge-evleri","status":"publish","type":"page","link":"https:\/\/roziturizm.com\/index.php\/huge-evleri\/","title":{"rendered":"HUGE EVLER\u0130"},"content":{"rendered":"\n<h2><\/h2>\n\n\n\n<h2>HUGE EVLER\u0130<\/h2>\n\n\n\n<figure class=\"wp-block-image size-large is-style-default\"><a href=\"https:\/\/hugeevleri.com\/\" target=\"_blank\" rel=\"noopener\"><img loading=\"lazy\" width=\"1024\" height=\"574\" src=\"https:\/\/roziturizm.com\/wp-content\/uploads\/2024\/08\/17251-1024x574.jpg\" alt=\"\" class=\"wp-image-1134\" srcset=\"https:\/\/roziturizm.com\/wp-content\/uploads\/2024\/08\/17251-1024x574.jpg 1024w, https:\/\/roziturizm.com\/wp-content\/uploads\/2024\/08\/17251-300x168.jpg 300w, https:\/\/roziturizm.com\/wp-content\/uploads\/2024\/08\/17251-768x431.jpg 768w, https:\/\/roziturizm.com\/wp-content\/uploads\/2024\/08\/17251.jpg 1500w\" sizes=\"(max-width: 1024px) 100vw, 1024px\" \/><\/a><\/figure>\n\n\n\n<p>De\u011fi\u015fik b\u00fcy\u00fckl\u00fcklerdeki evleriyle farkl\u0131 b\u00fct\u00e7elere uygun g\u00fcnl\u00fck konaklama hizmetleri sunmaktad\u0131r.<\/p>\n","protected":false},"excerpt":{"rendered":"<p>HUGE EVLER\u0130 De\u011fi\u015fik b\u00fcy\u00fckl\u00fcklerdeki evleriyle farkl\u0131 b\u00fct\u00e7elere uygun g\u00fcnl\u00fck konaklama hizmetleri sunmaktad\u0131r.<\/p>\n","protected":false},"author":1,"featured_media":0,"parent":0,"menu_order":0,"comment_status":"closed","ping_status":"closed","template":"","meta":[],"_links":{"self":[{"href":"https:\/\/roziturizm.com\/index.php\/wp-json\/wp\/v2\/pages\/923"}],"collection":[{"href":"https:\/\/roziturizm.com\/index.php\/wp-json\/wp\/v2\/pages"}],"about":[{"href":"https:\/\/roziturizm.com\/index.php\/wp-json\/wp\/v2\/types\/page"}],"author":[{"embeddable":true,"href":"https:\/\/roziturizm.com\/index.php\/wp-json\/wp\/v2\/users\/1"}],"replies":[{"embeddable":true,"href":"https:\/\/roziturizm.com\/index.php\/wp-json\/wp\/v2\/comments?post=923"}],"version-history":[{"count":10,"href":"https:\/\/roziturizm.com\/index.php\/wp-json\/wp\/v2\/pages\/923\/revisions"}],"predecessor-version":[{"id":1140,"href":"https:\/\/roziturizm.com\/index.php\/wp-json\/wp\/v2\/pages\/923\/revisions\/1140"}],"wp:attachment":[{"href":"https:\/\/roziturizm.com\/index.php\/wp-json\/wp\/v2\/media?parent=923"}],"curies":[{"name":"wp","href":"https:\/\/api.w.org\/{rel}","templated":true}]}}