{"id":924,"date":"2024-07-26T17:19:56","date_gmt":"2024-07-26T14:19:56","guid":{"rendered":"https:\/\/roziturizm.com\/?page_id=924"},"modified":"2024-07-26T17:30:58","modified_gmt":"2024-07-26T14:30:58","slug":"gidiyorum-com","status":"publish","type":"page","link":"https:\/\/roziturizm.com\/index.php\/gidiyorum-com\/","title":{"rendered":"G\u0130D\u0130YORUM.COM"},"content":{"rendered":"\n<h2>G\u0130D\u0130YORUM.COM<\/h2>\n\n\n\n<figure class=\"wp-block-image size-large is-style-default\"><a href=\"https:\/\/gidiyorum.com\/\" target=\"_blank\" rel=\"noopener\"><img loading=\"lazy\" width=\"1024\" height=\"306\" src=\"https:\/\/roziturizm.com\/wp-content\/uploads\/2024\/07\/Ekran-Alintisi-4-1024x306.png\" alt=\"\" class=\"wp-image-937\" srcset=\"https:\/\/roziturizm.com\/wp-content\/uploads\/2024\/07\/Ekran-Alintisi-4-1024x306.png 1024w, https:\/\/roziturizm.com\/wp-content\/uploads\/2024\/07\/Ekran-Alintisi-4-300x90.png 300w, https:\/\/roziturizm.com\/wp-content\/uploads\/2024\/07\/Ekran-Alintisi-4-768x230.png 768w, https:\/\/roziturizm.com\/wp-content\/uploads\/2024\/07\/Ekran-Alintisi-4-1536x460.png 1536w, https:\/\/roziturizm.com\/wp-content\/uploads\/2024\/07\/Ekran-Alintisi-4.png 1597w\" sizes=\"(max-width: 1024px) 100vw, 1024px\" \/><\/a><\/figure>\n\n\n\n<p>Gidiyorum.com: tatil planlamas\u0131 yapmak isteyenler i\u00e7in u\u00e7ak bileti otel rezervasyonlar\u0131 ve otob\u00fcs biletleme hizmetleri sunmaktad\u0131r.<br> Online olarak kolay ve h\u0131zl\u0131 rezervasyon imkan\u0131 sunan bir platformdur.<\/p>\n","protected":false},"excerpt":{"rendered":"<p>G\u0130D\u0130YORUM.COM Gidiyorum.com: tatil planlamas\u0131 yapmak isteyenler i\u00e7in u\u00e7ak bileti otel rezervasyonlar\u0131 ve otob\u00fcs biletleme hizmetleri sunmaktad\u0131r. Online olarak kolay ve h\u0131zl\u0131 rezervasyon imkan\u0131 sunan bir platformdur.<\/p>\n","protected":false},"author":1,"featured_media":0,"parent":0,"menu_order":0,"comment_status":"closed","ping_status":"closed","template":"","meta":[],"_links":{"self":[{"href":"https:\/\/roziturizm.com\/index.php\/wp-json\/wp\/v2\/pages\/924"}],"collection":[{"href":"https:\/\/roziturizm.com\/index.php\/wp-json\/wp\/v2\/pages"}],"about":[{"href":"https:\/\/roziturizm.com\/index.php\/wp-json\/wp\/v2\/types\/page"}],"author":[{"embeddable":true,"href":"https:\/\/roziturizm.com\/index.php\/wp-json\/wp\/v2\/users\/1"}],"replies":[{"embeddable":true,"href":"https:\/\/roziturizm.com\/index.php\/wp-json\/wp\/v2\/comments?post=924"}],"version-history":[{"count":3,"href":"https:\/\/roziturizm.com\/index.php\/wp-json\/wp\/v2\/pages\/924\/revisions"}],"predecessor-version":[{"id":940,"href":"https:\/\/roziturizm.com\/index.php\/wp-json\/wp\/v2\/pages\/924\/revisions\/940"}],"wp:attachment":[{"href":"https:\/\/roziturizm.com\/index.php\/wp-json\/wp\/v2\/media?parent=924"}],"curies":[{"name":"wp","href":"https:\/\/api.w.org\/{rel}","templated":true}]}}